{"id":271,"date":"2024-03-13T12:07:17","date_gmt":"2024-03-13T16:07:17","guid":{"rendered":"https:\/\/montanahr.com\/?page_id=271"},"modified":"2025-04-07T15:31:24","modified_gmt":"2025-04-07T19:31:24","slug":"contact","status":"publish","type":"page","link":"https:\/\/montanahr.com\/fr\/contact\/","title":{"rendered":"Nous joindre"},"content":{"rendered":"<div class=\"wp-block-group alignfull has-global-padding is-layout-constrained wp-container-core-group-is-layout-d026d10c wp-block-group-is-layout-constrained\" style=\"padding-top:var(--wp--preset--spacing--60);padding-right:var(--wp--preset--spacing--50);padding-bottom:var(--wp--preset--spacing--40);padding-left:var(--wp--preset--spacing--50)\">\n<div class=\"wp-block-columns alignwide is-layout-flex wp-container-core-columns-is-layout-28f84493 wp-block-columns-is-layout-flex\">\n<div class=\"wp-block-column is-layout-flow wp-block-column-is-layout-flow\" style=\"padding-right:0;flex-basis:30%\">\n<h2 class=\"wp-block-heading has-custom-montana-red-color has-text-color has-link-color wp-elements-e528e822df884e5f2f7df8cd39849f7c\" style=\"margin-top:0px\">Prenez contact<\/h2>\n\n\n\n<p>58 Mountain Road<br>Moncton, Nouveau-Brunswick<br>E1C 2K2<br>Canada<\/p>\n\n\n\n<p class=\"has-primary-color has-text-color has-link-color wp-elements-104e369ebba5390d6f99d2691f9fe165\"><strong>Acc\u00e9dez \u00e0 la page <a href=\"https:\/\/montanahr.com\/fr\/about\/our-team\/\" data-type=\"page\" data-id=\"145\">Notre \u00e9quipe<\/a> pour conna\u00eetre les adresses e-mail et les num\u00e9ros de t\u00e9l\u00e9phone du personnel.<\/strong><\/p>\n\n\n\n<p><a href=\"https:\/\/ca.linkedin.com\/company\/montana-consulting-group-groupe-conseil-montana\" target=\"_blank\" rel=\"noreferrer noopener\"><span style=\"text-decoration: underline;\"><img data-recalc-dims=\"1\" loading=\"lazy\" decoding=\"async\" width=\"40\" height=\"40\" data-attachment-id=\"547\" data-permalink=\"https:\/\/montanahr.com\/fr\/contact\/linkedin-logo-2\/\" data-orig-file=\"https:\/\/i0.wp.com\/montanahr.com\/wp-content\/uploads\/2024\/03\/Linkedin-logo.png?fit=1024%2C1024&amp;ssl=1\" data-orig-size=\"1024,1024\" data-comments-opened=\"1\" data-image-meta=\"{&quot;aperture&quot;:&quot;0&quot;,&quot;credit&quot;:&quot;&quot;,&quot;camera&quot;:&quot;&quot;,&quot;caption&quot;:&quot;&quot;,&quot;created_timestamp&quot;:&quot;0&quot;,&quot;copyright&quot;:&quot;&quot;,&quot;focal_length&quot;:&quot;0&quot;,&quot;iso&quot;:&quot;0&quot;,&quot;shutter_speed&quot;:&quot;0&quot;,&quot;title&quot;:&quot;&quot;,&quot;orientation&quot;:&quot;0&quot;}\" data-image-title=\"Linkedin-logo\" data-image-description=\"\" data-image-caption=\"\" data-medium-file=\"https:\/\/i0.wp.com\/montanahr.com\/wp-content\/uploads\/2024\/03\/Linkedin-logo.png?fit=300%2C300&amp;ssl=1\" data-large-file=\"https:\/\/i0.wp.com\/montanahr.com\/wp-content\/uploads\/2024\/03\/Linkedin-logo.png?fit=1024%2C1024&amp;ssl=1\" class=\"wp-image-547\" style=\"width: 40px;\" src=\"https:\/\/i0.wp.com\/montanahr.com\/wp-content\/uploads\/2024\/03\/Linkedin-logo.png?resize=40%2C40&#038;ssl=1\" alt=\"\" srcset=\"https:\/\/i0.wp.com\/montanahr.com\/wp-content\/uploads\/2024\/03\/Linkedin-logo.png?w=1024&amp;ssl=1 1024w, https:\/\/i0.wp.com\/montanahr.com\/wp-content\/uploads\/2024\/03\/Linkedin-logo.png?resize=300%2C300&amp;ssl=1 300w, https:\/\/i0.wp.com\/montanahr.com\/wp-content\/uploads\/2024\/03\/Linkedin-logo.png?resize=150%2C150&amp;ssl=1 150w, https:\/\/i0.wp.com\/montanahr.com\/wp-content\/uploads\/2024\/03\/Linkedin-logo.png?resize=768%2C768&amp;ssl=1 768w, https:\/\/i0.wp.com\/montanahr.com\/wp-content\/uploads\/2024\/03\/Linkedin-logo.png?resize=800%2C800&amp;ssl=1 800w, https:\/\/i0.wp.com\/montanahr.com\/wp-content\/uploads\/2024\/03\/Linkedin-logo.png?resize=600%2C600&amp;ssl=1 600w, https:\/\/i0.wp.com\/montanahr.com\/wp-content\/uploads\/2024\/03\/Linkedin-logo.png?resize=400%2C400&amp;ssl=1 400w, https:\/\/i0.wp.com\/montanahr.com\/wp-content\/uploads\/2024\/03\/Linkedin-logo.png?resize=200%2C200&amp;ssl=1 200w\" sizes=\"auto, (max-width: 40px) 100vw, 40px\" \/> Suivez\u2011nous sur LinkedIn<\/span><\/a><\/p>\n<\/div>\n\n\n\n<div class=\"wp-block-column is-layout-flow wp-block-column-is-layout-flow\" style=\"flex-basis:55px\"><\/div>\n\n\n\n<div class=\"wp-block-column is-layout-flow wp-block-column-is-layout-flow\" style=\"flex-basis:50%\"><div class=\"wp-block-jetpack-contact-form is-style-animated is-layout-flex wp-container-jetpack-contact-form-is-layout-ef772757 wp-block-jetpack-contact-form-is-layout-flex\"><a href=\"https:\/\/montanahr.com\/fr\/contact\/\" target=\"_blank\" rel=\"noopener noreferrer\">Submit a form.<\/a><\/div><\/div>\n<\/div>\n<\/div>","protected":false},"excerpt":{"rendered":"<p>Get in touch 58 Mountain RoadMoncton, New BrunswickE1C 2K2Canada Go to the Our Team page for staff email addresses and telephone numbers. Follow us on LinkedIn<\/p>","protected":false},"author":244632326,"featured_media":0,"parent":0,"menu_order":0,"comment_status":"closed","ping_status":"closed","template":"","meta":{"advanced_seo_description":"","jetpack_seo_html_title":"","jetpack_seo_noindex":false,"jetpack_post_was_ever_published":false,"footnotes":""},"class_list":["post-271","page","type-page","status-publish","hentry"],"featured_image_src":null,"jetpack_likes_enabled":false,"jetpack_sharing_enabled":true,"jetpack_shortlink":"https:\/\/wp.me\/PfAKcq-4n","jetpack-related-posts":[],"_links":{"self":[{"href":"https:\/\/montanahr.com\/fr\/wp-json\/wp\/v2\/pages\/271","targetHints":{"allow":["GET"]}}],"collection":[{"href":"https:\/\/montanahr.com\/fr\/wp-json\/wp\/v2\/pages"}],"about":[{"href":"https:\/\/montanahr.com\/fr\/wp-json\/wp\/v2\/types\/page"}],"author":[{"embeddable":true,"href":"https:\/\/montanahr.com\/fr\/wp-json\/wp\/v2\/users\/244632326"}],"replies":[{"embeddable":true,"href":"https:\/\/montanahr.com\/fr\/wp-json\/wp\/v2\/comments?post=271"}],"version-history":[{"count":29,"href":"https:\/\/montanahr.com\/fr\/wp-json\/wp\/v2\/pages\/271\/revisions"}],"predecessor-version":[{"id":4774,"href":"https:\/\/montanahr.com\/fr\/wp-json\/wp\/v2\/pages\/271\/revisions\/4774"}],"wp:attachment":[{"href":"https:\/\/montanahr.com\/fr\/wp-json\/wp\/v2\/media?parent=271"}],"curies":[{"name":"wp","href":"https:\/\/api.w.org\/{rel}","templated":true}]}}