{"id":281,"date":"2024-03-13T13:53:09","date_gmt":"2024-03-13T17:53:09","guid":{"rendered":"https:\/\/montanahr.com\/?page_id=281"},"modified":"2024-10-23T11:13:48","modified_gmt":"2024-10-23T15:13:48","slug":"consulting","status":"publish","type":"page","link":"https:\/\/montanahr.com\/fr\/services\/consulting\/","title":{"rendered":"Expertise-conseil"},"content":{"rendered":"<div style=\"height:20px\" aria-hidden=\"true\" class=\"wp-block-spacer\"><\/div>\n\n\n\n<div class=\"wp-block-group alignfull has-global-padding is-layout-constrained wp-block-group-is-layout-constrained\">\n<div class=\"wp-block-columns alignwide is-layout-flex wp-container-core-columns-is-layout-8dca0e93 wp-block-columns-is-layout-flex\" style=\"margin-bottom:var(--wp--preset--spacing--70)\">\n<div class=\"wp-block-column is-vertically-aligned-center is-layout-flow wp-block-column-is-layout-flow\" style=\"padding-right:var(--wp--preset--spacing--60);padding-left:0\">\n<hr class=\"wp-block-separator aligncenter has-text-color has-custom-montana-red-color has-alpha-channel-opacity has-custom-montana-red-background-color has-background is-style-default\"\/>\n\n\n\n<p class=\"has-text-align-justify has-large-font-size\"><strong>\u00ab L\u2019essentiel pour moi, c\u2019est que je n\u2019h\u00e9siterais pas \u00e0 communiquer avec vous pour obtenir des conseils et une orientation concernant nos plus grands d\u00e9fis en mati\u00e8re de gestion et de relations de travail. Ce fut un r\u00e9el plaisir de rencontrer quelqu\u2019un avec autant de comp\u00e9tences. Au plaisir de vous revoir. \u00bb<\/strong><\/p>\n\n\n\n<p class=\"has-text-align-right has-small-font-size\">\u2014 Conseiller sp\u00e9cial, Gouvernement de Canada<\/p>\n\n\n\n<div style=\"height:20px\" aria-hidden=\"true\" class=\"wp-block-spacer\"><\/div>\n\n\n\n<p class=\"has-text-align-justify has-medium-font-size\">Le Groupe conseil Montana offre un soutien in\u00e9gal\u00e9 en mati\u00e8re de leadership, de ressources humaines et de relations de travail. Nous examinons de fa\u00e7on holistique les d\u00e9fis qui surviennent au sein de votre milieu de travail et sugg\u00e9rons la meilleure d\u00e9marche \u00e0 entreprendre pour la rectifier. Nous appuyons nos clients dans pratiquement tous les aspects de l'environnement de travail, dont notamment :<\/p>\n\n\n\n<p>\u2022 la gestion du rendement et des mesures disciplinaires;<br>\u2022 la gestion de l'absent\u00e9isme;<br>\u2022 la gestion des accommodements et des limitations fonctionnelles;<br>\u2022 l'analyse et la n\u00e9gociation de convention collective;<br>\u2022 l'\u00e9valuation des pratiques de gestion;<br>\u2022 le coaching en gestion et en leadership;<br>\u2022 la gestion des plaintes et des griefs,<br>\u2022 la gouvernance et la structure organisationnelle,<br>\u2022 la mise en \u0153uvre de pratiques de gestion visant \u00e0 modifier la culture organisationnelle;<\/p>\n\n\n\n<p class=\"has-text-align-justify has-contrast-color has-text-color has-link-color wp-elements-8b57290ab172acde3b8e9e1a484cb19b\">Nous pouvons vous orienter vers les solutions les plus intelligentes \u00e0 tout d\u00e9fi li\u00e9 au travail !<\/p>\n\n\n\n<div style=\"height:20px\" aria-hidden=\"true\" class=\"wp-block-spacer\"><\/div>\n\n\n\n<div class=\"wp-block-buttons is-content-justification-center is-layout-flex wp-container-core-buttons-is-layout-a89b3969 wp-block-buttons-is-layout-flex\"><\/div>\n<\/div>\n\n\n\n<div class=\"wp-block-column is-layout-flow wp-block-column-is-layout-flow\" style=\"flex-basis:50%\">\n<figure class=\"wp-block-image aligncenter size-full is-resized\"><img data-recalc-dims=\"1\" loading=\"lazy\" decoding=\"async\" width=\"2552\" height=\"1424\" data-attachment-id=\"47\" data-permalink=\"https:\/\/montanahr.com\/fr\/max-teaching-4\/\" data-orig-file=\"https:\/\/i0.wp.com\/montanahr.com\/wp-content\/uploads\/2024\/03\/max-teaching-4.png?fit=2552%2C1424&amp;ssl=1\" data-orig-size=\"2552,1424\" data-comments-opened=\"1\" data-image-meta=\"{&quot;aperture&quot;:&quot;0&quot;,&quot;credit&quot;:&quot;&quot;,&quot;camera&quot;:&quot;&quot;,&quot;caption&quot;:&quot;&quot;,&quot;created_timestamp&quot;:&quot;0&quot;,&quot;copyright&quot;:&quot;&quot;,&quot;focal_length&quot;:&quot;0&quot;,&quot;iso&quot;:&quot;0&quot;,&quot;shutter_speed&quot;:&quot;0&quot;,&quot;title&quot;:&quot;&quot;,&quot;orientation&quot;:&quot;0&quot;}\" data-image-title=\"Max-teaching-4\" data-image-description=\"\" data-image-caption=\"\" data-large-file=\"https:\/\/i0.wp.com\/montanahr.com\/wp-content\/uploads\/2024\/03\/max-teaching-4.png?fit=1024%2C571&amp;ssl=1\" src=\"https:\/\/i0.wp.com\/montanahr.com\/wp-content\/uploads\/2024\/03\/max-teaching-4.png?resize=2552%2C1424&#038;ssl=1\" alt=\"\" class=\"wp-image-47\" style=\"aspect-ratio:1;object-fit:cover;width:393px;height:auto\"\/><\/figure>\n<\/div>\n<\/div>\n<\/div>","protected":false},"excerpt":{"rendered":"<p>&#8220;The bottom line for me is that I would not hesitate to contact you for advice and guidance on our toughest labour relations and management challenges. It was a real pleasure to have met someone of your caliber, and I look forward to our next meeting.\u201d \u2014 Special Advisor, Federal Government, Canada Montana offers unmatched [&hellip;]<\/p>\n","protected":false},"author":244632326,"featured_media":0,"parent":171,"menu_order":0,"comment_status":"closed","ping_status":"closed","template":"","meta":{"advanced_seo_description":"","jetpack_seo_html_title":"","jetpack_seo_noindex":false,"jetpack_post_was_ever_published":false,"footnotes":""},"class_list":["post-281","page","type-page","status-publish","hentry"],"featured_image_src":null,"jetpack_likes_enabled":false,"jetpack_sharing_enabled":true,"jetpack_shortlink":"https:\/\/wp.me\/PfAKcq-4x","jetpack-related-posts":[],"_links":{"self":[{"href":"https:\/\/montanahr.com\/fr\/wp-json\/wp\/v2\/pages\/281","targetHints":{"allow":["GET"]}}],"collection":[{"href":"https:\/\/montanahr.com\/fr\/wp-json\/wp\/v2\/pages"}],"about":[{"href":"https:\/\/montanahr.com\/fr\/wp-json\/wp\/v2\/types\/page"}],"author":[{"embeddable":true,"href":"https:\/\/montanahr.com\/fr\/wp-json\/wp\/v2\/users\/244632326"}],"replies":[{"embeddable":true,"href":"https:\/\/montanahr.com\/fr\/wp-json\/wp\/v2\/comments?post=281"}],"version-history":[{"count":26,"href":"https:\/\/montanahr.com\/fr\/wp-json\/wp\/v2\/pages\/281\/revisions"}],"predecessor-version":[{"id":2266,"href":"https:\/\/montanahr.com\/fr\/wp-json\/wp\/v2\/pages\/281\/revisions\/2266"}],"up":[{"embeddable":true,"href":"https:\/\/montanahr.com\/fr\/wp-json\/wp\/v2\/pages\/171"}],"wp:attachment":[{"href":"https:\/\/montanahr.com\/fr\/wp-json\/wp\/v2\/media?parent=281"}],"curies":[{"name":"wp","href":"https:\/\/api.w.org\/{rel}","templated":true}]}}